{"id":537,"date":"2024-10-03T22:03:44","date_gmt":"2024-10-03T19:03:44","guid":{"rendered":"https:\/\/sobotz.com\/?page_id=537"},"modified":"2024-10-03T22:03:44","modified_gmt":"2024-10-03T19:03:44","slug":"refund_returns-2","status":"publish","type":"page","link":"https:\/\/sobotz.com\/lt\/refund_returns-2\/","title":{"rendered":"Pinig\u0173 gr\u0105\u017einimo ir gr\u0105\u017einimo politika"},"content":{"rendered":"<h2 class=\"wp-block-heading\">Ap\u017evalga<\/h2>\r\n<h2><strong>Sugadinti, pamesti daiktai arba daiktai su defektais<\/strong><\/h2>\r\n<p>Jei j\u016bs\u0173 prek\u0117s buvo pamestos gabenimo metu, sugadintos gabenimo metu arba atve\u017etos su defektu, atsiradusiu d\u0117l kokyb\u0117s kontrol\u0117s problemos, susisiekite su mumis el. pa\u0161tu ir pateikite i\u0161sam\u0173 problemos apra\u0161\u0105. \u012evertinsime j\u016bs\u0173 atvej\u012f individualiai ir greitai rasime sprendim\u0105. Visais kitais atvejais, pavyzd\u017eiui, kovos su robotu padarytos \u017ealos, negalime pakeisti j\u016bs\u0173 produkt\u0173 arba gr\u0105\u017einti pinig\u0173 d\u0117l \u201epasidaryk pats\u201c pob\u016bd\u017eio ir piktnaud\u017eiavimo koviniais robotais.\u00a0<\/p>\r\n<h2><strong>Neteisingi arba tr\u016bkstami elementai<\/strong><\/h2>\r\n<p>Susisiekite su mumis, jei gavote ma\u017eiau preki\u0173 nei u\u017esak\u0117te, el. pa\u0161tu atsi\u0173skite pirkimo \u012frodym\u0105, kok\u012f nors \u012frodym\u0105, pvz., gaut\u0173 preki\u0173 nuotrauk\u0105, ir savo pa\u0161to adres\u0105, ir mes nedelsdami i\u0161taisysime problem\u0105.<\/p>\r\n\r\n\r\n\r\n\r\n\r\n<h2>Gr\u0105\u017einamos l\u0117\u0161os<\/h2>\r\n\r\n\r\n\r\n<p>Kai j\u016bs\u0173 gr\u0105\u017einimas bus gautas ir patikrintas, atsi\u0173sime jums el. lai\u0161k\u0105, kuriame informuosime, kad gavome gr\u0105\u017eint\u0105 prek\u0119. Taip pat prane\u0161ime apie j\u016bs\u0173 pinig\u0173 gr\u0105\u017einimo patvirtinim\u0105 arba atmetim\u0105.<\/p>\r\n\r\n\r\n\r\n<p>Jei b\u016bsite patvirtintas, j\u016bs\u0173 l\u0117\u0161os bus apdorotos ir per tam tikr\u0105 dien\u0173 skai\u010di\u0173 bus automati\u0161kai pritaikytas kreditas j\u016bs\u0173 kredito kortelei arba pradiniam mok\u0117jimo b\u016bdui.<\/p>\r\n\r\n\r\n\r\n<h2 class=\"wp-block-heading\">L\u0117\u0161\u0173 gr\u0105\u017einimas pav\u0117luotas arba j\u0173 n\u0117ra<\/h2>\r\n\r\n\r\n\r\n<p>Jei dar negavote pinig\u0173, pirmiausia dar kart\u0105 patikrinkite banko s\u0105skait\u0105.<br \/>Tada susisiekite su kredito kortel\u0119 i\u0161davusia \u012fmone. Gali praeiti \u0161iek tiek laiko, kol gr\u0105\u017einimas bus oficialiai paskelbtas.<br \/>Tada susisiekite su savo banku. Prie\u0161 gr\u0105\u017einant l\u0117\u0161as, da\u017enai prireikia \u0161iek tiek laiko.<br \/>Jei visa tai atlikote ir vis dar negavote pinig\u0173, susisiekite su mumis \u0161iuo adresu: {email address}.<\/p>\r\n\r\n\r\n\r\n\r\n\r\n\r\n\r\n\r\n\r\n\r\n\r\n<h2>Siuntimo gr\u0105\u017einimas<\/h2>\r\n\r\n\r\n\r\n<p>Jei norite gr\u0105\u017einti produkt\u0105, tur\u0117tum\u0117te j\u012f i\u0161si\u0173sti el. pa\u0161tu: {fizinis adresas}.<\/p>\r\n\r\n\r\n\r\n<p>J\u016bs b\u016bsite atsakingas u\u017e savo siuntimo i\u0161laid\u0173, susijusi\u0173 su prek\u0117s gr\u0105\u017einimu, apmok\u0117jim\u0105. Siuntimo i\u0161laidos negr\u0105\u017einamos. Jei jums gr\u0105\u017einami pinigai, gr\u0105\u017einimo siuntimo i\u0161laidos bus i\u0161skai\u010diuotos i\u0161 j\u016bs\u0173 gr\u0105\u017einam\u0173 pinig\u0173.<\/p>\r\n\r\n\r\n\r\n<p>Priklausomai nuo to, kur gyvenate, laikas, per kur\u012f pakeistas produktas jus pasiekia, gali skirtis.<\/p>\r\n\r\n\r\n\r\n<p>Jei gr\u0105\u017einate brangesnes prekes, galite apsvarstyti galimyb\u0119 pasinaudoti sekama siuntimo paslauga arba \u012fsigyti siuntimo draudim\u0105. Negarantuojame, kad gausime J\u016bs\u0173 gr\u0105\u017eint\u0105 prek\u0119.<\/p>\r\n\r\n\r\n\r\n<h2>Reikia pagalbos?<\/h2>\r\n\r\n\r\n\r\n<p>Jei turite klausim\u0173, susijusi\u0173 su l\u0117\u0161\u0173 gr\u0105\u017einimu, susisiekite su mumis adresu {email}.<\/p>","protected":false},"excerpt":{"rendered":"<p>Overview Damaged, lost items or items with defects If your items were lost in transit,\u00a0 damaged in transit, or arrived with a defect that was caused by QC issue, please [&hellip;]<\/p>\n","protected":false},"author":1,"featured_media":0,"parent":0,"menu_order":0,"comment_status":"closed","ping_status":"closed","template":"","meta":{"iawp_total_views":24,"footnotes":""},"class_list":["post-537","page","type-page","status-publish","hentry"],"blocksy_meta":[],"jetpack_sharing_enabled":true,"_links":{"self":[{"href":"https:\/\/sobotz.com\/lt\/wp-json\/wp\/v2\/pages\/537","targetHints":{"allow":["GET"]}}],"collection":[{"href":"https:\/\/sobotz.com\/lt\/wp-json\/wp\/v2\/pages"}],"about":[{"href":"https:\/\/sobotz.com\/lt\/wp-json\/wp\/v2\/types\/page"}],"author":[{"embeddable":true,"href":"https:\/\/sobotz.com\/lt\/wp-json\/wp\/v2\/users\/1"}],"replies":[{"embeddable":true,"href":"https:\/\/sobotz.com\/lt\/wp-json\/wp\/v2\/comments?post=537"}],"version-history":[{"count":1,"href":"https:\/\/sobotz.com\/lt\/wp-json\/wp\/v2\/pages\/537\/revisions"}],"predecessor-version":[{"id":638,"href":"https:\/\/sobotz.com\/lt\/wp-json\/wp\/v2\/pages\/537\/revisions\/638"}],"wp:attachment":[{"href":"https:\/\/sobotz.com\/lt\/wp-json\/wp\/v2\/media?parent=537"}],"curies":[{"name":"wp","href":"https:\/\/api.w.org\/{rel}","templated":true}]}}