{"id":1619,"date":"2025-11-01T04:15:28","date_gmt":"2025-11-01T02:15:28","guid":{"rendered":"https:\/\/sobotz.com\/en\/?post_type=product&#038;p=1619"},"modified":"2026-04-15T09:41:51","modified_gmt":"2026-04-15T06:41:51","slug":"m60f","status":"publish","type":"product","link":"https:\/\/sobotz.com\/lt\/product\/m60f\/","title":{"rendered":"M60F Mini Sumo jutiklis"},"content":{"rendered":"<p>Po ilg\u0173 darb\u0173 pristatome M60F \u2013 ma\u017eiausi\u0105 pasaulyje \u201eMini Sumo\u201c jutikl\u012f rinkoje!<\/p>\n<p>Elektrin\u0117s charakteristikos:<br \/>\n<img fetchpriority=\"high\" decoding=\"async\" class=\"alignnone wp-image-1764\" src=\"https:\/\/sobotz.com\/wp-content\/uploads\/2025\/11\/voltagesSensor-300x39.png\" alt=\"\" width=\"646\" height=\"84\" srcset=\"https:\/\/sobotz.com\/wp-content\/uploads\/2025\/11\/voltagesSensor-300x39.png 300w, https:\/\/sobotz.com\/wp-content\/uploads\/2025\/11\/voltagesSensor-1024x133.png 1024w, https:\/\/sobotz.com\/wp-content\/uploads\/2025\/11\/voltagesSensor-768x100.png 768w, https:\/\/sobotz.com\/wp-content\/uploads\/2025\/11\/voltagesSensor-18x2.png 18w, https:\/\/sobotz.com\/wp-content\/uploads\/2025\/11\/voltagesSensor-600x78.png 600w, https:\/\/sobotz.com\/wp-content\/uploads\/2025\/11\/voltagesSensor.png 1527w\" sizes=\"(max-width: 646px) 100vw, 646px\" \/><\/p>\n<p>Jutiklio charakteristikos:<br \/>\n<img decoding=\"async\" class=\"alignnone wp-image-1765\" src=\"https:\/\/sobotz.com\/wp-content\/uploads\/2025\/11\/parameters-300x58.png\" alt=\"\" width=\"647\" height=\"125\" srcset=\"https:\/\/sobotz.com\/wp-content\/uploads\/2025\/11\/parameters-300x58.png 300w, https:\/\/sobotz.com\/wp-content\/uploads\/2025\/11\/parameters-1024x199.png 1024w, https:\/\/sobotz.com\/wp-content\/uploads\/2025\/11\/parameters-768x149.png 768w, https:\/\/sobotz.com\/wp-content\/uploads\/2025\/11\/parameters-18x3.png 18w, https:\/\/sobotz.com\/wp-content\/uploads\/2025\/11\/parameters-600x116.png 600w, https:\/\/sobotz.com\/wp-content\/uploads\/2025\/11\/parameters.png 1387w\" sizes=\"(max-width: 647px) 100vw, 647px\" \/><\/p>\n<p>7x7x9 mm dyd\u017eio tai ma\u017eiausias jutiklis, kok\u012f tik galite \u012fsigyti<\/p>\n<p>Numatytoji konfig\u016bracija turi 5\u2013600 mm skaitmenin\u0119 i\u0161vest\u012f, ta\u010diau j\u0105 galima konfig\u016bruoti kaip PWM arba \u201eOneWire\u201c i\u0161vest\u012f.<\/p>\n<p>Maksimalus atstumas \u2013 iki 1 metro<\/p>\n<p>\u201eGithub\u201c bibliotekai ir kitai informacijai: <a href=\"https:\/\/github.com\/Mindaugas1207\/TOF-Distance-sensor\">https:\/\/github.com\/Mindaugas1207\/TOF-Distance-sensor<\/a><br \/>\nDuomen\u0173 lapas: <a href=\"https:\/\/sobotz.com\/wp-content\/uploads\/2025\/11\/TOF-distance-sensor.pdf\">TOF atstumo jutiklis<\/a><\/p>\n<p>\u0160is jutiklis yra labai konfig\u016bruojamas su tokiais nustatymais:<\/p>\n<ul>\n<li>I\u0161vesties tipas: skaitmeninis (\u012fjungtas\/i\u0161jungtas), PWM, adresuojamas vieno laido nuoseklusis (pusdupleksinis)<\/li>\n<li>Maksimalus ir minimalus jutimo atstumai<\/li>\n<li>Atstumo jutimo kalibravimas<\/li>\n<li>Reguliuojamas laiko biud\u017eetas<\/li>\n<\/ul>\n<p>Naudojant viename laide, galite prijungti <strong>visi<\/strong> jutikli\u0173 \u012f vien\u0105 laid\u0105 ir nuskaitykite tik su vienu kontaktu!<\/p>","protected":false},"excerpt":{"rendered":"<p>Po ilg\u0173 darb\u0173 pristatome M60F \u2013 ma\u017eiausi\u0105 pasaulyje \u201eMini Sumo\u201c jutikl\u012f rinkoje!<\/p>\n<p>7x7x9 mm dydis<br \/>\n5\u2013600 mm atstumas (konfig\u016bruojamas)<\/p>\n<p>\u0160is jutiklis yra labai konfig\u016bruojamas su tokiais nustatymais:<\/p>\n<ul>\n<li>I\u0161vesties tipas: skaitmeninis (\u012fjungtas\/i\u0161jungtas), PWM, adresuojamas vieno laido nuoseklusis (pusdupleksinis)<\/li>\n<li>Maksimalus ir minimalus jutimo atstumai<\/li>\n<li>Atstumo jutimo kalibravimas<\/li>\n<li>Reguliuojamas laiko biud\u017eetas<\/li>\n<\/ul>\n<p>\u201eGithub\u201c bibliotekai ir kitai informacijai: <a href=\"https:\/\/github.com\/Mindaugas1207\/TOF-Distance-sensor\">https:\/\/github.com\/Mindaugas1207\/TOF-Distance-sensor<\/a><\/p>\n<p>Si\u016blome didmeninius pasi\u016blymus, pra\u0161ome pa\u017eym\u0117ti \u017eemiau (nuolaida taikoma krep\u0161elyje)<\/p>","protected":false},"featured_media":1768,"comment_status":"open","ping_status":"closed","template":"","meta":{"iawp_total_views":1014},"product_brand":[],"product_cat":[35,39],"product_tag":[],"class_list":{"0":"post-1619","1":"product","2":"type-product","3":"status-publish","4":"has-post-thumbnail","6":"product_cat-pcb","7":"product_cat-robots","9":"first","10":"instock","11":"shipping-taxable","12":"purchasable","13":"product-type-simple"},"jetpack_sharing_enabled":true,"_links":{"self":[{"href":"https:\/\/sobotz.com\/lt\/wp-json\/wp\/v2\/product\/1619","targetHints":{"allow":["GET"]}}],"collection":[{"href":"https:\/\/sobotz.com\/lt\/wp-json\/wp\/v2\/product"}],"about":[{"href":"https:\/\/sobotz.com\/lt\/wp-json\/wp\/v2\/types\/product"}],"replies":[{"embeddable":true,"href":"https:\/\/sobotz.com\/lt\/wp-json\/wp\/v2\/comments?post=1619"}],"wp:featuredmedia":[{"embeddable":true,"href":"https:\/\/sobotz.com\/lt\/wp-json\/wp\/v2\/media\/1768"}],"wp:attachment":[{"href":"https:\/\/sobotz.com\/lt\/wp-json\/wp\/v2\/media?parent=1619"}],"wp:term":[{"taxonomy":"product_brand","embeddable":true,"href":"https:\/\/sobotz.com\/lt\/wp-json\/wp\/v2\/product_brand?post=1619"},{"taxonomy":"product_cat","embeddable":true,"href":"https:\/\/sobotz.com\/lt\/wp-json\/wp\/v2\/product_cat?post=1619"},{"taxonomy":"product_tag","embeddable":true,"href":"https:\/\/sobotz.com\/lt\/wp-json\/wp\/v2\/product_tag?post=1619"}],"curies":[{"name":"wp","href":"https:\/\/api.w.org\/{rel}","templated":true}]}}