{"id":1684,"date":"2025-12-24T20:13:07","date_gmt":"2025-12-24T18:13:07","guid":{"rendered":"https:\/\/sobotz.com\/en\/?post_type=product&#038;p=1684"},"modified":"2026-04-27T19:17:42","modified_gmt":"2026-04-27T16:17:42","slug":"sbtz_n20_600-2","status":"publish","type":"product","link":"https:\/\/sobotz.com\/lt\/product\/sbtz_n20_600-2\/","title":{"rendered":"\u201eSoBotz N20\u201c nuolatin\u0117s srov\u0117s variklis \u2013 6 V, 1000 aps.\/min."},"content":{"rendered":"<p>Naujas greitis pasiekiamas!<\/p>\n<p>Pakelkite savo robotikos projektus \u012f auk\u0161tesn\u012f lyg\u012f su \u201eSoBotz N20\u201c nuolatin\u0117s srov\u0117s varikliu, sukurtu galingumui ir ilgaam\u017ei\u0161kumui. \u0160is didelio na\u0161umo variklis veikia esant 6 V \u012ftampai ir 1000 aps.\/min. grei\u010diui, u\u017etikrindamas \u012fsp\u016bding\u0105 1 kg\/cm sukimo moment\u0105 ir iki 2,8 A srov\u0119, pranokstant\u012f daugel\u012f konkurent\u0173. M\u016bs\u0173 bandym\u0173 metu jis veik\u0117 su 3s li\u010dio baterijomis, ta\u010diau d\u0117l ma\u017eo \u0161i\u0173 varikli\u0173 dyd\u017eio jie \u012fkaista. Tod\u0117l, esant didesnei \u012ftampai, jei jie naudojami agresyviai, u\u017etikrinkite tinkam\u0105 au\u0161inim\u0105. Ir nors jie atlaiko auk\u0161tesn\u0119 nei 3s \u012ftamp\u0105, a\u0161 to nerekomenduoju, nes tai labai sutrumpins j\u0173 tarnavimo laik\u0105 ir, palyginti su konkurentais, jie suteikia daug galios esant \u017eemesnei \u012ftampai.<\/p>\n<p><strong>Pagrindin\u0117s savyb\u0117s:<\/strong><\/p>\n<ul>\n<li><strong>Auk\u0161\u010diausia pavar\u0173 d\u0117\u017e\u0117s konstrukcija:<\/strong> Skirtingai nuo \u012fprast\u0173 N20 varikli\u0173, kuriuose naudojamos \u017ealvarin\u0117s krumpliara\u010di\u0173 plok\u0161t\u0117s, \u201eSoBotz\u201c variklis yra sutvirtintas plienin\u0117mis plok\u0161t\u0117mis, tod\u0117l padid\u0117ja patvarumas, ypa\u010d dirbant su didel\u0117mis apkrovomis, pavyzd\u017eiui, kovini\u0173 robot\u0173 srityje.<\/li>\n<li><strong>Patobulintas surinkimo saugumas:<\/strong> Pavar\u0173 d\u0117\u017e\u0117 tvirtinama var\u017etais, apdorotais lengvais sraigtiniais klijais, tod\u0117l suma\u017e\u0117ja atsiskyrimo rizika intensyvi\u0173 vibracij\u0173 ar sm\u016bgi\u0173 metu, tod\u0117l idealiai tinka robot\u0173 kovoms.<\/li>\n<li><strong>Optimizuotas ilgaam\u017ei\u0161kumas:<\/strong> \u0160is variklis, apr\u016bpintas angliniais \u0161epet\u0117liais, ne tik pagerina na\u0161um\u0105, bet ir u\u017etikrina ilgesn\u012f tarnavimo laik\u0105, u\u017etikrindamas patikim\u0105 veikim\u0105 ilg\u0105 laik\u0105.<\/li>\n<\/ul>\n<p><strong>Specifikacija:<\/strong><\/p>\n<p>Svoris: 9,3g<\/p>\n<p>Velenas: 9 mm ilgio 3 mm D velenas<\/p>\n<p>Nominali \u012ftampa: 6V<\/p>\n<p>Nominalus aps.\/min.: 1000<\/p>\n<p>U\u017estrigimo srov\u0117 esant 6 V: 2,8 A<\/p>\n<p>Sukimo momentas esant 6 V \u012ftampai: 1 kg\/cm<\/p>\n<p>\u012e pakuot\u0119 \u012feina: 1vnt N20 variklis (be PCB)<\/p>\n<p>Taip pat si\u016blome suporuoti variklius su m\u016bs\u0173 N20 i\u0161jungimo plok\u0161te: <a href=\"https:\/\/sobotz.com\/product\/n20breakout\/\">N20 Breakout<\/a><\/p>","protected":false},"excerpt":{"rendered":"<p>\u0160is didelio na\u0161umo \u201eSoBotz\u201c variklis esant 6 V \u012ftampai i\u0161vysto 600 aps.\/min. ir 1 kg\/cm sukimo moment\u0105, o strigimo srov\u0117 \u2013 iki 2,8 A. Sukurtas ilgaam\u017ei\u0161kumui, jis turi tvirt\u0105 pavar\u0173 d\u0117\u017e\u0119 su plienin\u0117mis plok\u0161t\u0117mis, anglies \u0161epet\u0117lius ir lengvus var\u017et\u0173 klijus saugiam surinkimui, tod\u0117l puikiai tinka robotikai ir kovos scenarijams.<\/p>\n<p>Galia ir patikimumu prilygsta konkurentams arba yra geresnis.<\/p>","protected":false},"featured_media":665,"comment_status":"open","ping_status":"closed","template":"","meta":{"iawp_total_views":427},"product_brand":[],"product_cat":[32,33],"product_tag":[],"class_list":{"0":"post-1684","1":"product","2":"type-product","3":"status-publish","4":"has-post-thumbnail","6":"product_cat-dc_motors","7":"product_cat-n20","9":"first","10":"instock","11":"shipping-taxable","12":"purchasable","13":"product-type-simple"},"jetpack_sharing_enabled":true,"_links":{"self":[{"href":"https:\/\/sobotz.com\/lt\/wp-json\/wp\/v2\/product\/1684","targetHints":{"allow":["GET"]}}],"collection":[{"href":"https:\/\/sobotz.com\/lt\/wp-json\/wp\/v2\/product"}],"about":[{"href":"https:\/\/sobotz.com\/lt\/wp-json\/wp\/v2\/types\/product"}],"replies":[{"embeddable":true,"href":"https:\/\/sobotz.com\/lt\/wp-json\/wp\/v2\/comments?post=1684"}],"wp:featuredmedia":[{"embeddable":true,"href":"https:\/\/sobotz.com\/lt\/wp-json\/wp\/v2\/media\/665"}],"wp:attachment":[{"href":"https:\/\/sobotz.com\/lt\/wp-json\/wp\/v2\/media?parent=1684"}],"wp:term":[{"taxonomy":"product_brand","embeddable":true,"href":"https:\/\/sobotz.com\/lt\/wp-json\/wp\/v2\/product_brand?post=1684"},{"taxonomy":"product_cat","embeddable":true,"href":"https:\/\/sobotz.com\/lt\/wp-json\/wp\/v2\/product_cat?post=1684"},{"taxonomy":"product_tag","embeddable":true,"href":"https:\/\/sobotz.com\/lt\/wp-json\/wp\/v2\/product_tag?post=1684"}],"curies":[{"name":"wp","href":"https:\/\/api.w.org\/{rel}","templated":true}]}}