{"id":1685,"date":"2025-12-24T20:16:05","date_gmt":"2025-12-24T18:16:05","guid":{"rendered":"https:\/\/sobotz.com\/en\/?post_type=product&#038;p=1685"},"modified":"2026-03-01T21:44:39","modified_gmt":"2026-03-01T19:44:39","slug":"sbtz_n10_600","status":"publish","type":"product","link":"https:\/\/sobotz.com\/lt\/product\/sbtz_n10_600\/","title":{"rendered":"\u201eSoBotz N10\u201c nuolatin\u0117s srov\u0117s variklis \u2013 6 V, 600 aps.\/min."},"content":{"rendered":"<p>Nauji ma\u017eesni N10 varikliai prieinami!<\/p>\n<p>Pakelkite savo robotikos projektus \u012f auk\u0161tesn\u012f lyg\u012f su \u201eSoBotz N10\u201c nuolatin\u0117s srov\u0117s varikliu. \u0160is didelio na\u0161umo variklis veikia 6 V \u012ftampa ir 600 aps.\/min. grei\u010diu, u\u017etikrindamas \u012fsp\u016bding\u0105 0,4 kg\/cm\u00b2 sukimo moment\u0105 ir iki 0,6 A srov\u0119, pranokstant\u012f daugel\u012f konkurent\u0173.<\/p>\n<p><strong>Pagrindin\u0117s savyb\u0117s:<\/strong><\/p>\n<ul>\n<li><strong>Auk\u0161\u010diausia pavar\u0173 d\u0117\u017e\u0117s konstrukcija:<\/strong> Skirtingai nuo \u012fprast\u0173 N20 varikli\u0173, kuriuose naudojamos \u017ealvarin\u0117s krumpliara\u010di\u0173 plok\u0161t\u0117s, \u201eSoBotz\u201c variklis yra sutvirtintas plienin\u0117mis plok\u0161t\u0117mis, tod\u0117l padid\u0117ja patvarumas, ypa\u010d dirbant su didel\u0117mis apkrovomis, pavyzd\u017eiui, kovini\u0173 robot\u0173 srityje.<\/li>\n<li><strong>Optimizuotas ilgaam\u017ei\u0161kumas:<\/strong> \u0160is variklis, apr\u016bpintas angliniais \u0161epet\u0117liais, ne tik pagerina na\u0161um\u0105, bet ir u\u017etikrina ilgesn\u012f tarnavimo laik\u0105, u\u017etikrindamas patikim\u0105 veikim\u0105 ilg\u0105 laik\u0105.<\/li>\n<\/ul>\n<p><strong>Specifikacija:<\/strong><\/p>\n<p>Svoris: 7,9 g<\/p>\n<p>Velenas: 9 mm ilgio 3 mm D velenas<\/p>\n<p>Nominali \u012ftampa: 6V<\/p>\n<p>Nominalus RPM: 600<\/p>\n<p>U\u017estrigimo srov\u0117 esant 6 V: 0,6 A<\/p>\n<p>Sukimo momentas esant 6 V \u012ftampai: 0,4 kg\/cm\u00b2<\/p>\n<p>\u012e pakuot\u0119 \u012feina: 1vnt N20 variklis (be PCB)<\/p>\n<p>Taip pat si\u016blome variklius sujungti su m\u016bs\u0173 N20\/N10 i\u0161pl\u0117timo spausdintine plok\u0161te: <a href=\"https:\/\/sobotz.com\/product\/n20breakout\/\">N20 Breakout<\/a><\/p>","protected":false},"excerpt":{"rendered":"<p>\u0160is didelio na\u0161umo \u201eSoBotz\u201c variklis pasiekia 600 aps.\/min. ir 0,4 kg\/cm2 sukimo moment\u0105 esant 6 V \u012ftampai, o strigimo srov\u0117 \u2013 iki 0,6 A.<\/p>\n<p>Sukurtas ilgaam\u017ei\u0161kumui, jis turi tvirt\u0105 pavar\u0173 d\u0117\u017e\u0119 su plienin\u0117mis plok\u0161t\u0117mis, anglies \u0161epet\u0117lius ir lengvus sraigtinius klijus saugiam surinkimui, tod\u0117l puikiai tinka ma\u017eesn\u0117ms robotikoms ir kovos scenarijams.<\/p>\n<p>Galia ir patikimumu prilygsta konkurentams arba yra geresnis.<\/p>","protected":false},"featured_media":1774,"comment_status":"open","ping_status":"closed","template":"","meta":{"iawp_total_views":86},"product_brand":[],"product_cat":[83,32],"product_tag":[],"class_list":{"0":"post-1685","1":"product","2":"type-product","3":"status-publish","4":"has-post-thumbnail","6":"product_cat-n10","7":"product_cat-dc_motors","9":"first","10":"instock","11":"shipping-taxable","12":"purchasable","13":"product-type-simple"},"jetpack_sharing_enabled":true,"_links":{"self":[{"href":"https:\/\/sobotz.com\/lt\/wp-json\/wp\/v2\/product\/1685","targetHints":{"allow":["GET"]}}],"collection":[{"href":"https:\/\/sobotz.com\/lt\/wp-json\/wp\/v2\/product"}],"about":[{"href":"https:\/\/sobotz.com\/lt\/wp-json\/wp\/v2\/types\/product"}],"replies":[{"embeddable":true,"href":"https:\/\/sobotz.com\/lt\/wp-json\/wp\/v2\/comments?post=1685"}],"wp:featuredmedia":[{"embeddable":true,"href":"https:\/\/sobotz.com\/lt\/wp-json\/wp\/v2\/media\/1774"}],"wp:attachment":[{"href":"https:\/\/sobotz.com\/lt\/wp-json\/wp\/v2\/media?parent=1685"}],"wp:term":[{"taxonomy":"product_brand","embeddable":true,"href":"https:\/\/sobotz.com\/lt\/wp-json\/wp\/v2\/product_brand?post=1685"},{"taxonomy":"product_cat","embeddable":true,"href":"https:\/\/sobotz.com\/lt\/wp-json\/wp\/v2\/product_cat?post=1685"},{"taxonomy":"product_tag","embeddable":true,"href":"https:\/\/sobotz.com\/lt\/wp-json\/wp\/v2\/product_tag?post=1685"}],"curies":[{"name":"wp","href":"https:\/\/api.w.org\/{rel}","templated":true}]}}