{"id":772,"date":"2024-10-04T12:33:48","date_gmt":"2024-10-04T09:33:48","guid":{"rendered":"https:\/\/sobotz.com\/?post_type=product&#038;p=772"},"modified":"2026-04-23T14:02:31","modified_gmt":"2026-04-23T11:02:31","slug":"m25a_esc","status":"publish","type":"product","link":"https:\/\/sobotz.com\/lt\/product\/m25a_esc\/","title":{"rendered":"Minduino M25A \u0161epet\u0117lini\u0173 varikli\u0173 valdiklis"},"content":{"rendered":"<p>Suk\u016br\u0117me galing\u0105 ir ma\u017e\u0105 \u0161epet\u0117lin\u012f ESC robotams su MCU.<br \/>\n\u0160is ESC pasi\u017eymi srov\u0117s gr\u012f\u017etamuoju ry\u0161iu, srov\u0117s ribojimu, yra ma\u017eo dyd\u017eio ir gali apdoroti iki 168 A pikus (pvz. &lt;10us). Jam reikia dviej\u0173 PWM signal\u0173 grei\u010diui ir kryp\u010diai valdyti, tod\u0117l jis i\u0161 karto nesuderinamas su PWM imtuvais, nes labiau tinka naudoti su mikrovaldikliais. Valdymo logika:\n<img decoding=\"async\" class=\"alignnone wp-image-776\" src=\"https:\/\/sobotz.com\/wp-content\/uploads\/2024\/10\/ControlLogic-1-300x88.png\" alt=\"\" width=\"389\" height=\"114\" srcset=\"https:\/\/sobotz.com\/wp-content\/uploads\/2024\/10\/ControlLogic-1-300x88.png 300w, https:\/\/sobotz.com\/wp-content\/uploads\/2024\/10\/ControlLogic-1-1024x299.png 1024w, https:\/\/sobotz.com\/wp-content\/uploads\/2024\/10\/ControlLogic-1-768x224.png 768w, https:\/\/sobotz.com\/wp-content\/uploads\/2024\/10\/ControlLogic-1-1536x449.png 1536w, https:\/\/sobotz.com\/wp-content\/uploads\/2024\/10\/ControlLogic-1-600x175.png 600w, https:\/\/sobotz.com\/wp-content\/uploads\/2024\/10\/ControlLogic-1.png 1856w\" sizes=\"(max-width: 389px) 100vw, 389px\" \/><\/p>\n<p><strong>Specifikacija:<br \/>\n<\/strong>Svoris: 1,1g<br \/>\nMatmenys: 20x10x4,3mm<br \/>\nMaksimali \u012ftampa: 30V<br \/>\nMinimali \u012ftampa: 6V<br \/>\nSrov\u0117s riba: 25A<br \/>\nDid\u017eiausia srov\u0117: 168 A (\u012e pakuot\u0119 \u012feina: 1 vnt. ESC (elektronin\u0117s srov\u0117s reguliatoriaus) duomen\u0173 lapas: <a href=\"https:\/\/sobotz.com\/wp-content\/uploads\/2024\/10\/MinduinoM25A.pdf\">MinduinoM25A<\/a><\/p>\n<p>Eagle biblioteka: <a href=\"https:\/\/github.com\/Mindaugas1207\/DRVA4955\/tree\/main\">Github<\/a><\/p>\n<p>Atkreipkite d\u0117mes\u012f, kad ateityje planuojame tik vienu laidu valdom\u0105 versij\u0105, kuri veikt\u0173 kaip ir bet kuri kita ESC, tod\u0117l j\u0105 gal\u0117tum\u0117te naudoti ir koviniuose robotuose. Taigi u\u017esiprenumeruokite m\u016bs\u0173 naujienlai\u0161k\u012f arba sekite m\u016bs\u0173 socialinius tinklus.<\/p>","protected":false},"excerpt":{"rendered":"<p>Suk\u016br\u0117me galing\u0105 ir ma\u017e\u0105 \u0161epet\u0117lin\u012f ESC robotams su MCU.<br \/>\n\u0160is ESC pasi\u017eymi srov\u0117s gr\u012f\u017etamuoju ry\u0161iu, srov\u0117s ribojimu, yra ma\u017eo dyd\u017eio ir gali apdoroti iki 168 A pikus (pvz. &lt;10 JAV).\n<\/p>","protected":false},"featured_media":692,"comment_status":"open","ping_status":"closed","template":"","meta":{"iawp_total_views":745},"product_brand":[],"product_cat":[37,32,36],"product_tag":[],"class_list":{"0":"post-772","1":"product","2":"type-product","3":"status-publish","4":"has-post-thumbnail","6":"product_cat-dc_esc","7":"product_cat-dc_motors","8":"product_cat-esc","10":"first","11":"onbackorder","12":"shipping-taxable","13":"purchasable","14":"product-type-simple"},"jetpack_sharing_enabled":true,"_links":{"self":[{"href":"https:\/\/sobotz.com\/lt\/wp-json\/wp\/v2\/product\/772","targetHints":{"allow":["GET"]}}],"collection":[{"href":"https:\/\/sobotz.com\/lt\/wp-json\/wp\/v2\/product"}],"about":[{"href":"https:\/\/sobotz.com\/lt\/wp-json\/wp\/v2\/types\/product"}],"replies":[{"embeddable":true,"href":"https:\/\/sobotz.com\/lt\/wp-json\/wp\/v2\/comments?post=772"}],"wp:featuredmedia":[{"embeddable":true,"href":"https:\/\/sobotz.com\/lt\/wp-json\/wp\/v2\/media\/692"}],"wp:attachment":[{"href":"https:\/\/sobotz.com\/lt\/wp-json\/wp\/v2\/media?parent=772"}],"wp:term":[{"taxonomy":"product_brand","embeddable":true,"href":"https:\/\/sobotz.com\/lt\/wp-json\/wp\/v2\/product_brand?post=772"},{"taxonomy":"product_cat","embeddable":true,"href":"https:\/\/sobotz.com\/lt\/wp-json\/wp\/v2\/product_cat?post=772"},{"taxonomy":"product_tag","embeddable":true,"href":"https:\/\/sobotz.com\/lt\/wp-json\/wp\/v2\/product_tag?post=772"}],"curies":[{"name":"wp","href":"https:\/\/api.w.org\/{rel}","templated":true}]}}