{"id":778,"date":"2024-10-04T22:32:59","date_gmt":"2024-10-04T19:32:59","guid":{"rendered":"https:\/\/sobotz.com\/?post_type=product&#038;p=778"},"modified":"2026-04-29T23:36:11","modified_gmt":"2026-04-29T20:36:11","slug":"sobotz-diy-workshop-antweight-robot","status":"publish","type":"product","link":"https:\/\/sobotz.com\/lt\/product\/sobotz-diy-workshop-antweight-robot\/","title":{"rendered":"\u201eSoBotz\u201c \u201epasidaryk pats\u201c dirbtuv\u0117s \u201eAntweight\u201c robotas"},"content":{"rendered":"<p>Suk\u016briau \u0161\u012f pig\u0173 \u201epasidaryk pats\u201c atvirojo kodo antsvorio robot\u0105, valdom\u0105 \u201eBluetooth\u201c mobiliuoju \u012frenginiu naudojant \u201edabble\u201c program\u0105. \u0160io projekto tikslas buvo suma\u017einti pradedan\u010diojo roboto kain\u0105, kad \u017emon\u0117s gal\u0117t\u0173 daugiau \u017eaisti.<br \/>\nTai geras STEAM mokymosi \u012frankis, nes j\u012f galite tiekti kaip \u201eLEGO\u201c su viskuo, kas lituota, ir tereikia visk\u0105 susukti arba galite pereiti nuo plikini\u0173 ir paai\u0161kinti, kaip kuriamos PCB (galb\u016bt susikurkite patys, naudodami pateikt\u0105 kaip \u0161ablon\u0105), susikurkite savo dangtel\u012f robotui su CAD programine \u012franga, suformuokite savo padangas su silikonu, pa\u017ei\u016br\u0117kite, kaip viskas buvo surinkta, parduota, 3D ESP32, galima u\u017eprogramuoti atlikti papildomas funkcijas.<br \/>\nBendra visko kaina (jei patiems \u012fsigyjate 1celio li\u010dio baterij\u0105) \u2013 apie 15eur<\/p>\n<p>Atkreipkite d\u0117mes\u012f, kad \u0161is robotas buvo sukurtas Lietuvos skruzd\u017ei\u0173 svorio klasei, kuri yra 200 g. Taip pat negalima naudoti 18650, jei norite sverti ma\u017eiau nei 200 g.<\/p>\n<p>Atlikdami testus pasteb\u0117jome, kad IOS Dabble nepalaiko \u201eanaloginio\u201c vairasvirt\u0117s (labai v\u0117lavo), tik \u201eskaitmeninius\u201c mygtukus ir atrodo, kad \u201eBluetooth\u201c pri\u0117mimas arenose ka\u017ekod\u0117l apribotas.<\/p>\n<p>Visus failus ir informacij\u0105 galite rasti \u017eemiau esan\u010diame \u201eGithub Repo\u201c:<br \/>\n<a href=\"https:\/\/github.com\/makerspacelt\/antweight-workshop-2023\">Github repo<\/a> (jis bus atnaujintas iki tre\u010dios spalio savait\u0117s pabaigos su nauja PCB, patobulintu 3D dizainu ir nedideliais pataisymais)<\/p>\n<p>Taip pat, jei jums patiko \u0161is projektas, galite paaukoti m\u016bs\u0173 Makerspace: <a href=\"https:\/\/liberapay.com\/makerspacelt\/donate\">Paaukoti<\/a><br \/>\n<em>Deja, tarptautiniams pervedimams turime tik LiberaPay, kuris priima tik pasikartojan\u010dius mok\u0117jimus, ta\u010diau galite paaukoti ir at\u0161aukti. Prie\u0161ingu atveju galite susisiekti su manimi ir mes k\u0105 nors sugalvosime!<\/em><\/p>","protected":false},"excerpt":{"rendered":"<p>\u201ePasidaryk pats\u201c pigus antsvorio robotas, valdomas \u201eBluetooth\u201c mobiliuoju \u012frenginiu, naudojant \u201edabble\u201c program\u0105<\/p>","protected":false},"featured_media":781,"comment_status":"open","ping_status":"closed","template":"","meta":{"iawp_total_views":356},"product_brand":[],"product_cat":[39],"product_tag":[],"class_list":{"0":"post-778","1":"product","2":"type-product","3":"status-publish","4":"has-post-thumbnail","6":"product_cat-robots","8":"first","9":"outofstock","10":"virtual","11":"purchasable","12":"product-type-simple"},"jetpack_sharing_enabled":true,"_links":{"self":[{"href":"https:\/\/sobotz.com\/lt\/wp-json\/wp\/v2\/product\/778","targetHints":{"allow":["GET"]}}],"collection":[{"href":"https:\/\/sobotz.com\/lt\/wp-json\/wp\/v2\/product"}],"about":[{"href":"https:\/\/sobotz.com\/lt\/wp-json\/wp\/v2\/types\/product"}],"replies":[{"embeddable":true,"href":"https:\/\/sobotz.com\/lt\/wp-json\/wp\/v2\/comments?post=778"}],"wp:featuredmedia":[{"embeddable":true,"href":"https:\/\/sobotz.com\/lt\/wp-json\/wp\/v2\/media\/781"}],"wp:attachment":[{"href":"https:\/\/sobotz.com\/lt\/wp-json\/wp\/v2\/media?parent=778"}],"wp:term":[{"taxonomy":"product_brand","embeddable":true,"href":"https:\/\/sobotz.com\/lt\/wp-json\/wp\/v2\/product_brand?post=778"},{"taxonomy":"product_cat","embeddable":true,"href":"https:\/\/sobotz.com\/lt\/wp-json\/wp\/v2\/product_cat?post=778"},{"taxonomy":"product_tag","embeddable":true,"href":"https:\/\/sobotz.com\/lt\/wp-json\/wp\/v2\/product_tag?post=778"}],"curies":[{"name":"wp","href":"https:\/\/api.w.org\/{rel}","templated":true}]}}